{"id":775,"date":"2021-11-05T13:40:55","date_gmt":"2021-11-05T11:40:55","guid":{"rendered":"http:\/\/www.ospnw.pl\/?page_id=775"},"modified":"2026-01-07T21:20:00","modified_gmt":"2026-01-07T19:20:00","slug":"ochotnicza-straz-pozarna-w-nowej-wsi-powiat-pruszkow","status":"publish","type":"page","link":"http:\/\/www.ospnw.pl\/","title":{"rendered":"Ochotnicza Stra\u017c Po\u017carna w Nowej Wsi"},"content":{"rendered":"\n<div class=\"wp-block-columns is-layout-flex wp-container-core-columns-is-layout-1 wp-block-columns-is-layout-flex\">\n<div class=\"wp-block-column is-layout-flow wp-block-column-is-layout-flow\" style=\"flex-basis:100%\">\nStra\u017c Po\u017carna w Nowej Wsi to stowarzyszenie \u0142\u0105cz\u0105ce ludzi o niezwyk\u0142ej pasji. Dzia\u0142amy od 1926 roku a nasi stra\u017cacy notuj\u0105c oko\u0142o 200 interwencji rocznie. Nie ka\u017cdy jest w stanie zerwa\u0107 si\u0119 w \u015brodku nocy na d\u017awi\u0119k syreny i kosztem czasu przeznaczonego na wypoczynek, biec na ratunek mieszka\u0144com. S\u0142u\u017cba w OSP to wiele wyrzecze\u0144. Nie da si\u0119 przewidzie\u0107, kiedy zawyje syrena oraz ile b\u0119dzie trwa\u0142a akcja. Stra\u017cacy \u017cartobliwie ostrzegaj\u0105, \u017ce trzeba mie\u0107 wyrozumia\u0142\u0105 drug\u0105 po\u0142\u00f3wk\u0119. W szeregach OSP s\u0105 ludzie r\u00f3\u017cnych profesji, od stra\u017cak\u00f3w zawodowych, przez handlowc\u00f3w, pracownik\u00f3w fizycznych po specjalist\u00f3w w swoich dziedzinach. Praktycznie wszyscy cz\u0142onkowie OSP je\u017cd\u017c\u0105 do akcji, szkol\u0105 si\u0119 i konserwuj\u0105 sprz\u0119t w czasie wolnym od pracy.\n<\/div>\n<\/div>\n\n\n\n<p><\/p>\n","protected":false},"excerpt":{"rendered":"<p>Stra\u017c Po\u017carna w Nowej Wsi to stowarzyszenie \u0142\u0105cz\u0105ce ludzi o niezwyk\u0142ej pasji. Dzia\u0142amy od 1926 roku a nasi stra\u017cacy notuj\u0105c oko\u0142o 200 interwencji rocznie. Nie ka\u017cdy jest w stanie zerwa\u0107 si\u0119 w \u015brodku nocy na d\u017awi\u0119k syreny i kosztem czasu przeznaczonego na wypoczynek, biec na ratunek mieszka\u0144com. S\u0142u\u017cba w OSP to wiele wyrzecze\u0144. Nie da [&hellip;]<\/p>\n","protected":false},"author":1,"featured_media":795,"parent":0,"menu_order":0,"comment_status":"closed","ping_status":"closed","template":"","meta":{"footnotes":""},"class_list":["post-775","page","type-page","status-publish","has-post-thumbnail","hentry"],"_links":{"self":[{"href":"http:\/\/www.ospnw.pl\/index.php?rest_route=\/wp\/v2\/pages\/775","targetHints":{"allow":["GET"]}}],"collection":[{"href":"http:\/\/www.ospnw.pl\/index.php?rest_route=\/wp\/v2\/pages"}],"about":[{"href":"http:\/\/www.ospnw.pl\/index.php?rest_route=\/wp\/v2\/types\/page"}],"author":[{"embeddable":true,"href":"http:\/\/www.ospnw.pl\/index.php?rest_route=\/wp\/v2\/users\/1"}],"replies":[{"embeddable":true,"href":"http:\/\/www.ospnw.pl\/index.php?rest_route=%2Fwp%2Fv2%2Fcomments&post=775"}],"version-history":[{"count":32,"href":"http:\/\/www.ospnw.pl\/index.php?rest_route=\/wp\/v2\/pages\/775\/revisions"}],"predecessor-version":[{"id":992,"href":"http:\/\/www.ospnw.pl\/index.php?rest_route=\/wp\/v2\/pages\/775\/revisions\/992"}],"wp:featuredmedia":[{"embeddable":true,"href":"http:\/\/www.ospnw.pl\/index.php?rest_route=\/wp\/v2\/media\/795"}],"wp:attachment":[{"href":"http:\/\/www.ospnw.pl\/index.php?rest_route=%2Fwp%2Fv2%2Fmedia&parent=775"}],"curies":[{"name":"wp","href":"https:\/\/api.w.org\/{rel}","templated":true}]}}