{"id":1002,"date":"2025-08-25T23:20:01","date_gmt":"2025-08-25T21:20:01","guid":{"rendered":"https:\/\/www.ospnw.pl\/?page_id=1002"},"modified":"2025-08-25T23:20:01","modified_gmt":"2025-08-25T21:20:01","slug":"wiedza","status":"publish","type":"page","link":"https:\/\/www.ospnw.pl\/?page_id=1002","title":{"rendered":"Wiedza"},"content":{"rendered":"\n<p><strong>REGULAMIN UMUNDUROWANIA:<\/strong><\/p>\n\n\n\n<p>Sznur galowy musi by\u0107 przypi\u0119ty do guzika pod pagonem munduru, przy wszyciu r\u0119kawa po prawej stronie i do pierwszego g\u00f3rnego guzika zapi\u0119cia munduru, a nie pod pagon do guzika przy szyi (nagminne zjawisko), natomiast przy koszuli letniej sznur galowy powinien by\u0107 przypi\u0119ty do guzika pod pagonem prawym, przy wszyciu r\u0119kawa, a warkocz z pomponem do guzika pod klap\u0105 kieszeni prawej. Sznura galowego do munduru nie u\u017cywa\u0107 np.: w czasie narad, odpraw, pe\u0142nienia s\u0142u\u017cby porz\u0105dkowej, zawod\u00f3w, manewr\u00f3w itp. Cz\u0142onkowie pocztu sztandarowego powinni wyst\u0119powa\u0107 tylko w ubiorze galowym z jedn\u0105 szarf\u0105 zwi\u0105zkow\u0105 w\u0142o\u017con\u0105 pod pagon prawy munduru, a nast\u0119pnie prowadzon\u0105 sko\u015bnie na lewe biodro. Odznaczenie lub odznak\u0119 na sztandar wpina\u0107 do specjalnego uchwytu (kolucha), kt\u00f3ry wkr\u0119ca si\u0119 w drzewce na wysoko\u015bci g\u00f3rnej kraw\u0119dzi p\u0142ata sztandaru, tak aby podczas prezentacji sztandaru wst\u0119ga z odznaczeniami lub odznak\u0105 znajdowa\u0142a si\u0119 przy p\u0142acie ze Znakiem Zwi\u0105zku. Odznaka na sztandarze powinna by\u0107 wszyta pod kokard\u0105 wst\u0119gi, a nie wpinana za pomoc\u0105 szpilki i to byle gdzie. Karabi\u0144czyk, za pomoc\u0105 kt\u00f3rego wpina si\u0119 odznak\u0119, powinien by\u0107 przed uroczysto\u015bci\u0105 poddany pr\u00f3bie, aby z lekko\u015bci\u0105 mo\u017cna by\u0142o go wpi\u0105\u0107, dekoruj\u0105c sztandar. Dow\u00f3dca prowadz\u0105cy uroczysto\u015b\u0107, inni dow\u00f3dcy pododdzia\u0142\u00f3w, stra\u017cacy na uroczysto\u015bciach z udzia\u0142em sztandar\u00f3w i wr\u0119czeniem odznacze\u0144 lub odznak, wyst\u0119puj\u0105 wy\u0142\u0105cznie w umundurowaniu galowym, a nie koszulach letnich. Aby zachowa\u0107 pozory jednolito\u015bci umundurowania, nale\u017cy tak formowa\u0107 szyk, aby stra\u017cacy maj\u0105cy stare wzory umundurowania, buty cywilne (chocia\u017c to niedopuszczalne) stali obok siebie, wewn\u0105trz kolumny, w drugim szeregu. Do munduru wyj\u015bciowego nie nale\u017cy nosi\u0107 krawat\u00f3w cywilnych lub kolorowych koszul. Skarpety powinny by\u0107 czarne, jednolite, bez wzor\u00f3w. Nie nale\u017cy r\u00f3wnie\u017c zak\u0142ada\u0107 pasa sk\u00f3rzanego g\u0142\u00f3wnego, koalicyjek do p\u00f3\u0142but\u00f3w. Na uroczysto\u015bciach w OSR gdzie dow\u00f3dcy ubrani s\u0105 w umundurowanie zwi\u0105zkowe, meldunki sk\u0142ada si\u0119 przedstawicielowi w\u0142adzy statutowej Zwi\u0105zku, a nie PSR. Niedopuszczalne jest u\u017cywanie cz\u0119\u015bci umundurowania zwi\u0105zkowego w po\u0142\u0105czeniu z ubraniem cywilnym.<\/p>\n\n\n\n<p><strong>ZASADY NOSZENIA ODZNAK, ODZNACZE\u0143 I MEDALI:<\/strong><\/p>\n\n\n\n<p>Z\u0142oty Znak Zwi\u0105zku umieszczony powinien by\u0107 na wst\u0119dze pod ko\u0142nierzem koszuli, tak aby byt widoczny 1 cm poni\u017cej w\u0119z\u0142a krawata, a nie wpi\u0119ty do munduru. Odznaka \u201eStra\u017cak Wzorowy\u201d powinna by\u0107 wpi\u0119ta bezpo\u015brednio na \u015brodku g\u00f3rnej prawej kieszeni munduru, mi\u0119dzy klap\u0105 a wszyciem dolnym kieszeni. Odznaka \u201eZa wys\u0142ug\u0119 lat\u201d ma by\u0107 noszona po\u015brodku prawej strony klapy g\u00f3rnej kieszeni munduru, mi\u0119dzy guzikiem a krajem klapy patrz\u0105c z przodu. Odznaczenia (ordery, krzy\u017ce zas\u0142ugi) odznaki (np. medale za zas\u0142ugi dla po\u017carnictwa) itp. powinny by\u0107 przypi\u0119te 5,5 cm ponad g\u00f3rn\u0105 kraw\u0119dzi\u0105 klapy lewej kieszeni munduru, stosuj\u0105c zasad\u0119 symetrii, nosz\u0105c tylko klas\u0119 najwy\u017csz\u0105 dla danego odznaczenia lub odznaki. Baretki odznacze\u0144 i odznak powinny by\u0107 wszyte bezpo\u015brednio przy kraw\u0119dzi lewej klapy kieszeni g\u00f3rnej munduru, stosuj\u0105c zasad\u0119 symetrii i nosz\u0105c baretki tylko najwy\u017cszej klasy odznaczenia lub odznaki, Na klapach i pagonach mundur\u00f3w oraz koszul nale\u017cy nosi\u0107 tylko emblematy zwi\u0105zkowe i to prawid\u0142owo wszyte oraz rozmieszczone, nie nosi\u0107 dodatkowo emblemat\u00f3w PSP i innych. Do czapek rogatywek nie powinny by\u0107 przypi\u0119te orze\u0142ki PSR Wojska Polskiego, S\u0142u\u017cby Wi\u0119ziennej itp. Nie nale\u017cy nosi\u0107 przy czapkach rogatywkach z\u0142otych galon\u00f3w, pask\u00f3w bia\u0142ych, srebrnych, metalowych pask\u00f3w lub z\u0142otych oku\u0107. Czapki rogatywki powinny odpowiada\u0107 dystynkcjom noszonym na ko\u0142nierzach umundurowania lub przy klapie lewej kieszeni munduru lub bia\u0142ej koszuli. Wyeliminowane powinny by\u0107 z umundurowania stra\u017cak\u00f3w ochotnik\u00f3w sznury oraz czapki PSR.<\/p>\n\n\n\n<div class=\"wp-block-columns is-layout-flex wp-container-core-columns-is-layout-2 wp-block-columns-is-layout-flex\">\n<div class=\"wp-block-column is-layout-flow wp-block-column-is-layout-flow\" style=\"flex-basis:100%\">\n<div class=\"wp-block-columns is-layout-flex wp-container-core-columns-is-layout-1 wp-block-columns-is-layout-flex\">\n<div class=\"wp-block-column is-layout-flow wp-block-column-is-layout-flow\">\n<figure class=\"wp-block-image size-full\"><a href=\"http:\/\/www.ospnw.pl\/wp-content\/uploads\/2016\/09\/umundurowanie.jpg\"><img loading=\"lazy\" decoding=\"async\" width=\"1018\" height=\"851\" src=\"http:\/\/www.ospnw.pl\/wp-content\/uploads\/2016\/09\/umundurowanie.jpg\" alt=\"\" class=\"wp-image-224\" srcset=\"https:\/\/www.ospnw.pl\/wp-content\/uploads\/2016\/09\/umundurowanie.jpg 1018w, https:\/\/www.ospnw.pl\/wp-content\/uploads\/2016\/09\/umundurowanie-300x251.jpg 300w, https:\/\/www.ospnw.pl\/wp-content\/uploads\/2016\/09\/umundurowanie-768x642.jpg 768w\" sizes=\"auto, (max-width: 1018px) 100vw, 1018px\" \/><\/a><figcaption class=\"wp-element-caption\">Odznaki i medale<\/figcaption><\/figure>\n<\/div>\n\n\n\n<div class=\"wp-block-column is-layout-flow wp-block-column-is-layout-flow\">\n<figure class=\"wp-block-image size-full is-resized\"><a href=\"http:\/\/www.ospnw.pl\/wp-content\/uploads\/2016\/09\/dystynkcje.png\"><img loading=\"lazy\" decoding=\"async\" width=\"605\" height=\"731\" src=\"http:\/\/www.ospnw.pl\/wp-content\/uploads\/2016\/09\/dystynkcje.png\" alt=\"\" class=\"wp-image-225\" style=\"width:398px;height:auto\" srcset=\"https:\/\/www.ospnw.pl\/wp-content\/uploads\/2016\/09\/dystynkcje.png 605w, https:\/\/www.ospnw.pl\/wp-content\/uploads\/2016\/09\/dystynkcje-248x300.png 248w\" sizes=\"auto, (max-width: 605px) 100vw, 605px\" \/><\/a><figcaption class=\"wp-element-caption\">Dystynkcje<\/figcaption><\/figure>\n<\/div>\n<\/div>\n<\/div>\n<\/div>\n\n\n\n<p><\/p>\n","protected":false},"excerpt":{"rendered":"<p>REGULAMIN UMUNDUROWANIA: Sznur galowy musi by\u0107 przypi\u0119ty do guzika pod pagonem munduru, przy wszyciu r\u0119kawa po prawej stronie i do pierwszego g\u00f3rnego guzika zapi\u0119cia munduru, a nie pod pagon do guzika przy szyi (nagminne zjawisko), natomiast przy koszuli letniej sznur galowy powinien by\u0107 przypi\u0119ty do guzika pod pagonem prawym, przy wszyciu r\u0119kawa, a warkocz z [&hellip;]<\/p>\n","protected":false},"author":1,"featured_media":0,"parent":0,"menu_order":0,"comment_status":"closed","ping_status":"closed","template":"","meta":{"footnotes":""},"class_list":["post-1002","page","type-page","status-publish","hentry"],"_links":{"self":[{"href":"https:\/\/www.ospnw.pl\/index.php?rest_route=\/wp\/v2\/pages\/1002","targetHints":{"allow":["GET"]}}],"collection":[{"href":"https:\/\/www.ospnw.pl\/index.php?rest_route=\/wp\/v2\/pages"}],"about":[{"href":"https:\/\/www.ospnw.pl\/index.php?rest_route=\/wp\/v2\/types\/page"}],"author":[{"embeddable":true,"href":"https:\/\/www.ospnw.pl\/index.php?rest_route=\/wp\/v2\/users\/1"}],"replies":[{"embeddable":true,"href":"https:\/\/www.ospnw.pl\/index.php?rest_route=%2Fwp%2Fv2%2Fcomments&post=1002"}],"version-history":[{"count":1,"href":"https:\/\/www.ospnw.pl\/index.php?rest_route=\/wp\/v2\/pages\/1002\/revisions"}],"predecessor-version":[{"id":1003,"href":"https:\/\/www.ospnw.pl\/index.php?rest_route=\/wp\/v2\/pages\/1002\/revisions\/1003"}],"wp:attachment":[{"href":"https:\/\/www.ospnw.pl\/index.php?rest_route=%2Fwp%2Fv2%2Fmedia&parent=1002"}],"curies":[{"name":"wp","href":"https:\/\/api.w.org\/{rel}","templated":true}]}}