{"id":5,"date":"2016-09-05T13:20:22","date_gmt":"2016-09-05T13:20:22","guid":{"rendered":"http:\/\/www.ospnw.pl\/?page_id=5"},"modified":"2025-08-26T17:06:43","modified_gmt":"2025-08-26T15:06:43","slug":"historia","status":"publish","type":"page","link":"https:\/\/www.ospnw.pl\/?page_id=5","title":{"rendered":"Historia"},"content":{"rendered":"\n<p class=\"nag\u0142owek\" style=\"line-height:1.4\"><strong>OCHOTNICZA STRA\u017b PO\u017bARNA w NOWEJ WSI<\/strong><\/p>\n\n\n\n<p class=\"tekst\" style=\"line-height:1.4\"><strong>RYCERZE \u015aW. FLORIANA <\/strong><\/p>\n\n\n\n<figure class=\"wp-block-image alignleft\"><a href=\"http:\/\/www.ospnw.pl\/wp-content\/uploads\/2016\/09\/florian.png\"><img loading=\"lazy\" decoding=\"async\" width=\"197\" height=\"300\" src=\"http:\/\/www.ospnw.pl\/wp-content\/uploads\/2016\/09\/florian-197x300.png\" alt=\"florian\" class=\"wp-image-849\" srcset=\"https:\/\/www.ospnw.pl\/wp-content\/uploads\/2016\/09\/florian-197x300.png 197w, https:\/\/www.ospnw.pl\/wp-content\/uploads\/2016\/09\/florian.png 352w\" sizes=\"auto, (max-width: 197px) 100vw, 197px\" \/><\/a><\/figure>\n\n\n\n<p class=\"tekst\">Tak nazywano ich przed 160 laty, kiedy Rada Administracyjna Kr\u00f3lestwa Polskiego powo\u0142a\u0142a w Warszawie 79 osobow\u0105 sta\u0142\u0105 Stra\u017c Ogniow\u0105. Tak nazywano cz\u0142onk\u00f3w powstaj\u0105cych p\u00f3\u017aniej Ochotniczych Ogniowych Stra\u017cy. Nie dotrwa\u0142o to miano do ery komputer\u00f3w, ale nie zmieni\u0142a si\u0119 od\u00adwaga, po\u015bwi\u0119cenie i bezinteresowno\u015b\u0107 druh\u00f3w z Ochotniczych Stra\u017cy Po\u017carnych. Potwierdza to historia OSP w Nowej Wsi.<\/p>\n\n\n\n<p class=\"tekst\"><strong>POCZ\u0104TKI<\/strong><\/p>\n\n\n\n<p class=\"tekst\">W latach dwudziestych gmina Helen\u00f3w skupia\u0142a 16 miejscowo\u015bci, m. in. Brwin\u00f3w, Granic\u0119, Kanie, Komor\u00f3w, Koszajec, Now\u0105 Wie\u015b, Otr\u0119busy, Parzniew, Sp\u00f3\u0142k\u0119 Akcyjn\u0105 \u2014 Podkowa Le\u015bna, Soko\u00ad\u0142\u00f3w. Liczy\u0142a w\u00f3wczas 7913 \u201eprawnych podatni\u00adk\u00f3w&#8221;. Najbardziej rozwini\u0119t\u0105 miejscowo\u015bci\u0105 w gmi\u00adnie by\u0142 Brwin\u00f3w, gdzie mie\u015bci\u0142 si\u0119 Urz\u0105d Gminny, posterunek Policji Pa\u0144stwowej i jedyna na terenie gminy Ochotnicza Stra\u017c Po\u017carna zorganizowana w 1910 r.<br>\nNowa Wie\u015b w tym okresie mia\u0142a niewiele ponad 600 mieszka\u0144c\u00f3w i oko\u0142o 80 posesji zlokalizowa\u00adnych wzd\u0142u\u017c ulicy G\u0142\u00f3wnej.<br>\nW1926 r. niedostateczna ochrona przeciwpo\u017ca\u00adrowa gminy i okolic sprawi\u0142a, \u017ce staraniem B\u0142o\u0144\u00adskiego Zwi\u0105zku Stra\u017cy Po\u017carnych postanowiono w\u0142a\u015bnie w Nowej Wsi utworzy\u0107 stra\u017c.<br>\nO wyborze zadecydowa\u0142y: przystanek kolejki WKD, bliskie s\u0105siedztwo Fabryki Farb i Lakier\u00f3w Karpi\u0144skiego i Lepperta w Helen\u00f3wku, graniczenie z uprzemys\u0142awiaj\u0105cym si\u0119 Pruszkowem, a tak\u017ce ceniona postawa spo\u0142eczna mieszka\u0144c\u00f3w, kt\u00f3rzy zorganizowali letni\u0105 ochronk\u0119 dla dzieci i pr\u0119\u017cn\u0105 dru\u017cyn\u0119 \u201eStrzelca&#8221;.<br>\nPocz\u0105tkowe trudno\u015bci organizacyjne prze\u0142ama\u0142 \u015bwie\u017co mianowany dyrektor fabryki w Helen\u00f3wku,<br>\nmgr W\u0142adys\u0142aw Kamelski, dzi\u0119ki kt\u00f3remu w 1928 r. powo\u0142ano Zarz\u0105d Ochotniczej Stra\u017cy Po\u017carnej i pierwsz\u0105 10-osobow\u0105 dru\u017cyn\u0119, powi\u0119kszon\u0105 nieco p\u00f3\u017aniej o 9 pracownik\u00f3w fabryki.<br>\nPierwszym sprz\u0119tem, jakim dysponowa\u0142a no\u00adwo powsta\u0142a stra\u017c, by\u0142a tr\u0105bka sygna\u0142owa i linka.<br>\nW kr\u00f3tkim czasie dru\u017cyna zosta\u0142a jednak wyposa\u00ad\u017cona w 12 he\u0142m\u00f3w i pas\u00f3w typu lekkiego, sikaw\u00adk\u0119, kilka odcink\u00f3w w\u0119\u017cy i pr\u0105downic\u0119. Ze sk\u0142adek stra\u017cak\u00f3w kupiono jasnobr\u0105zowe, drelichowe mundury.<br>\nW maju 1928 r. funkcj\u0119 zast\u0119pcy naczelnika powierzono znanemu i do\u015bwiadczonemu aspi\u00adrantowi stra\u017cy pruszkowskiej \u2014 Bronis\u0142awowi Olesi\u0144skiemu, kt\u00f3ry wprowadzi\u0142 dyscyplin\u0119 i rozpo\u00adcz\u0105\u0142 systematyczne \u0107wiczenia bojowe, doprowadzaj\u0105c jednostk\u0119 do wysokiego poziomu wy\u00adszkolenia.<br>\nZ inicjatywy dh Kamelskiego ju\u017c pod koniec roku stra\u017cacy wznie\u015bli drewnian\u0105 wspinalni\u0119, a w 1929 roku wesp\u00f3\u0142 z mieszka\u0144cami Nowej Wsi wybudowali remiz\u0119, kt\u00f3ra do 1936 roku mie\u015bci\u0142a si\u0119 na<br>\ntzw. \u201eSmugu&#8221; \u2014 podmok\u0142ym te\u00adrenie na po\u0142udnie od przystanku WKD. By\u0142 to ca\u0142kowicie drewniany budynek o powierzchni ponad 70 m2 z du\u017c\u0105 sal\u0105 o dwu przelotowych bramach wjazdowych.<br>\nChrzest bojowy nowowiejska jednostka prze\u00adsz\u0142a 4 pa\u017adziernika 1929 r. gasz\u0105c po\u017car w maj\u0105t\u00adku Lilpopa w Podkowie Le\u015bnej. We wsp\u00f3lnej z in\u00adnymi stra\u017cakami akcji bra\u0142o udzia\u0142 9 druh\u00f3w pod dow\u00f3dztwem nacz. Kamelskiego, maj\u0105c ju\u017c do dyspozycji konny beczkow\u00f3z, sikawk\u0119 z trzema w\u0119\u017cami, pr\u0105downic\u0119 i bosaki. Z braku w\u0142asnego wozu rekwizytowego, sprz\u0119t i ludzi dowieziono furmank\u0105.<br>\nKolejnym przyk\u0142adem wyj\u0105tkowo sprawnej or\u00adganizacji by\u0142o powo\u0142anie orkiestry d\u0119tej. Dh Szy\u00admon Szugajew ju\u017c pod koniec 1929 r. skompleto\u00adwa\u0142 20-osobowy zesp\u00f3\u0142. Ka\u017cdy z orkiestrant\u00f3w opodatkowa\u0142 si\u0119 kwot\u0105 30 z\u0142, co umo\u017cliwi\u0142o zaku\u00adpy instrument\u00f3w i po kilku miesi\u0105cach pr\u00f3b kon\u00adcertowano, m.in. na urz\u0105dzanych latem zaba\u00adwach tanecznych. Uzyskane pieni\u0105dze przezna\u00adczono na wyko\u0144czenie remizy i skompletowanie taboru: konnego wozu rekwizytowego uzbrojone\u00adgo w sikawk\u0119, drabiny oraz dw\u00f3ch jednokonnych beczkowoz\u00f3w.<br>\nUkoronowaniem czteroletnich zaledwie dzia\u00ad\u0142a\u0144 \u201erycerzy \u015bw. Floriana&#8221; i mieszka\u0144c\u00f3w Nowej Wsi sta\u0142o si\u0119 po\u015bwi\u0119cenie 15 sierpnia 1930 r. pier\u00adwszego sztandaru b\u0119d\u0105cego symbolem sp\u00f3jno\u015b\u00adci, pracowito\u015bci i ofiarno\u015bci. Wielu \u00f3wczesnych cz\u0142onk\u00f3w stra\u017cy d\u0142ugie lata wspomina\u0142o, jak to dru\u017cyna w szyku zwartym, z orkiestr\u0105 i sztanda\u00adrem uda\u0142a si\u0119 do Helen\u00f3wka, gdzie hr Jakub Po\u00adtocki w\u0142asnor\u0119cznie raczy\u0142 wbi\u0107 gw\u00f3\u017ad\u017a w drzew\u00adce sztandaru i przekaza\u0142 znaczn\u0105 sum\u0119 na rozw\u00f3j nowowiejskiej stra\u017cy.<\/p>\n\n\n\n<p class=\"tekst\"><strong>OKRES PRZEDWOJENNY<\/strong><br>\n21 lipca 1932 r. ginie w wypadku motocyklowym organizator, spo\u0142ecznik, pierwszy naczelnik OSP \u2014 druh W\u0142adys\u0142aw Kamelski. Zyska\u0142 wielki szacu\u00adnek i sympati\u0119 nie tylko stra\u017cak\u00f3w, ale r\u00f3wnie\u017c mieszka\u0144c\u00f3w Nowej Wsi, czego dowodem by\u0142o na\u00adzwanie jednej z ulic jego imieniem oraz postawienie kamienia z tablic\u0105 pami\u0105tkow\u0105.<br>\nMimo bolesnej straty nie usta\u0142a dzia\u0142alno\u015b\u0107 bojo\u00adwa, organizacyjna i kulturalna OSP. W maju 1933 r. orkiestra uzyska\u0142a l miejsce w konkursie Okr\u0119gu B\u0142o\u0144skiego, a w tym samym roku 12-osobowa dru\u00ad\u017cyna wygra\u0142a zawody w \u017byrardowie, startuj\u0105c w grupie IV, czyli stra\u017cy wiejskich. Od tego momentu OSP w Nowej Wsi jest zaliczana do przoduj\u0105cych w okr\u0119gu.<br>\nNa prze\u0142omie lat 1933 &#8211; 1934 kupiono u\u017cywany samoch\u00f3d ci\u0119\u017carowy \u201eFord&#8221;, kt\u00f3ry przystosowano do przewozu sprz\u0119tu i ludzi, pomalowano na czer\u00adwono i nazwano \u201eZuch&#8221;. Pocz\u0105tkowo ograniczono si\u0119 do remontu silnika, p\u00f3\u017aniej przekarosowano na w\u00f3z po\u017carniczy \u2014 autopogotowie.<br>\nW 1938 roku stra\u017c otrzyma\u0142a z OSP w Brwino\u00adwie jeden z pierwszych egzemplarzy (nr 31) wyprodukowanej w kraju w firmie Auto-Remont mo\u00adtopompy \u201eLis&#8221; o wydajno\u015bci 400 l\/min. Rado\u015b\u0107 w dru\u017cynie by\u0142a ogromna, poniewa\u017c odpad\u0142o k\u0142o\u00adpotliwe i m\u0119cz\u0105ce zaj\u0119cie pompowania wody r\u0119czn\u0105 sikawk\u0105. Ponadto dysponuj\u0105c samocho\u00addem z motopomp\u0105 stra\u017c nowowiejska sta\u0142a si\u0119 w ko\u0144cu jednostk\u0105 ca\u0142kowicie zmotoryzowan\u0105 i sa\u00admodzieln\u0105 taktycznie. Alarmy po\u017carowe zosta\u0142y znacznie skr\u00f3cone, gdy\u017c do obs\u0142ugi sprz\u0119tu potrze\u00adba by\u0142o mniej ludzi.<br>\nWy\u017cszy poziom techniczny i wysoki stopie\u0144 wy\u00adszkolenia sprawi\u0142, \u017ce na kr\u00f3tko przed wojn\u0105 wnie\u00adsiono o przekwalifikowanie OSP w Nowej Wsi z grupy IV \u2014 wiejskiej do grupy III \u2014 ma\u0142omiaste\u00adczkowej, ale niestety nie zd\u0105\u017cono tego urzeczy\u00adwistni\u0107.<br>\nKilka lat wcze\u015bniej (1936- 1938) uznano, \u017ce lokalizacja remizy na \u201eSmugu&#8221; nie by\u0142a najtrafniej\u00adsza: podmok\u0142y teren, brak dogodnego po\u0142\u0105czenia z g\u0142\u00f3wnymi drogami i du\u017ca odleg\u0142o\u015b\u0107 od fabryki w Helen\u00f3wku, gdzie pracowa\u0142a wi\u0119kszo\u015b\u0107 stra\u017ca\u00adk\u00f3w, kt\u00f3rzy w razie alarmu musieli pokona\u0107 od\u00adleg\u0142o\u015b\u0107 2 km. Wybrano plac nazywany potocznie \u201ePolank\u0105&#8221; z ustawion\u0105 uprzednio wspinalni\u0105 i s\u0142u\u00ad\u017c\u0105cy do \u0107wicze\u0144. Stra\u017cacy ju\u017c wcze\u015bniej starali si\u0119 o ten teren (nowo powsta\u0142a szosa Grodzisk \u2014 Pruszk\u00f3w oddzieli\u0142a go od d\u00f3br helenowskich), ale nie otrzymywali zgody na jego zagospodaro\u00adwanie.<br>\nDoczekali jednak imienin hr Jakuba Potockiego, udali si\u0119 do pa\u0142acu i po specjalnym koncercie orkiestry, szanownemu solenizantowi nie wypada\u0142o wycofa\u0107 si\u0119 z obietnic i podarowa\u0142 \u201ePolank\u0119&#8221; stra\u00ad\u017cakom.<br>\nDrewniana remiza zosta\u0142a rozebrana i przenie\u00adsiona na nowe miejsce. Wspiera\u0142a si\u0119 na murowa\u00adnych s\u0142upach no\u015bnych i mia\u0142a gara\u017c oraz sal\u0119 wido\u00adwiskow\u0105 o powierzchni 75 m 2.<\/p>\n\n\n\n<p class=\"tekst\"><strong>OKUPACJA<\/strong><br>\nWybuch wojny zahamowa\u0142 rozw\u00f3j i dzia\u0142alno\u015b\u0107 stra\u017cy. W czasie kl\u0119ski wrze\u015bniowej i og\u00f3lnego cha\u00adosu, w\u00f3z rekwizytowy \u201eZuch&#8221; zostaje przekazany armii i odstawiony do Grodziska Mazowieckiego, a stamt\u0105d dociera do Karczewia, gdzie odmawia pos\u0142usze\u0144stwa i zostaje porzucony. Instrumenty muzyczne i sztandar zdeponowano w fabryce w Helen\u00f3wku i nigdy ich nie odzyskano. Podobnie sta\u0142o si\u0119 z \u201eZuchem&#8221;, kt\u00f3ry odnaleziono po kapitula\u00adcji, ale kompletnie zdewastowany.<br>\nMimo zdekompletowanej dru\u017cyny i sprz\u0119tu, mi\u00admo przygn\u0119bienia i niepewno\u015bci jutra, stra\u017cacy na\u00addal byli gotowi nie\u015b\u0107 pomoc mieszka\u0144com Nowej Wsi i okolic.<br>\nW\u0142adze okupacyjne wprowadzi\u0142y wkr\u00f3tce obo\u00adwi\u0105zkow\u0105 stra\u017c po\u017carn\u0105, do kt\u00f3rej powo\u0142ano dotychczasowych cz\u0142onk\u00f3w i w\u0142a\u015bcicieli wi\u0119kszych gospodarstw. W latach 1941 &#8211; 1942 ustanowio\u00adno ca\u0142odobowe dy\u017cury stra\u017cak\u00f3w w remizie i zor\u00adganizowano sta\u0142y posterunek obserwacyjny na wspinalni. Wiosn\u0105 1942 r. Powiatowa Komenda Stra\u017cy Po\u017carnych przydzieli\u0142a Nowej Wsi samo\u00adch\u00f3d \u201eProtos&#8221;, kt\u00f3ry druhowie we w\u0142asnym zakre\u00adsie naprawili i udoskonalili. W klasztorze o.o. Fran\u00adciszkan\u00f3w w Niepokalanowie naprawili wys\u0142u\u017con\u0105 motopomp\u0119.<br>\nW 1943 r. stra\u017ce po\u017carne na terenie Generalnej Guberni podporz\u0105dkowano SS jako umundurowa\u00adne jednostki techniczne policyjnej s\u0142u\u017cby pomocni\u00adczej. Dla stra\u017cak\u00f3w oznacza\u0142o to swobod\u0119 poru\u00adszania si\u0119 nawet po godzinie policyjnej, co natych\u00admiast wykorzystano do dzia\u0142alno\u015bci konspiracyjnej i dawa\u0142o mo\u017cliwo\u015b\u0107 zaopatrywania Warszawy w \u017cywno\u015b\u0107.<br>\nPo upadku Powstania Warszawskiego Niemcy ulokowali w No\u00adwej Wsi jednostk\u0119 \u017candarmerii polowej, a remiz\u0119 zaj\u0119li na warsztat naprawczy, l zn\u00f3w jak w pocz\u0105t\u00adkach swego istnienia OSP pozostaje bez lokalu, ze sprz\u0119tem rozproszonym u gospodarzy, ale nadal gotowa walczy\u0107 z czerwonym kurem.<br>\nW styczniu 1945 r. zostaje wyzwolona Warsza\u00adwa i najbli\u017csze miejscowo\u015bci. Wycofuj\u0105ce si\u0119 woj\u00adska niemieckie zostawi\u0142y remiz\u0119 na pastw\u0119 losu. Wojna i okupacja nie oszcz\u0119dzi\u0142y te\u017c ludzi. Pozosta\u0142a jedynie 10-osobowa grupka miejscowych stra\u00ad\u017cak\u00f3w, pozbawiona praktycznie sprz\u0119tu, kt\u00f3ry od 5 lat nie uzupe\u0142niany i przechowywany w nieodpo\u00adwiednich warunkach, nie nadawa\u0142 si\u0119 praktycznie do u\u017cytku. Pustki w kasie, brak nadziei na pomoc mieszka\u0144c\u00f3w i w\u0142adz lokalnych, postawi\u0142y istnienie stra\u017cy pod znakiem zapytania.<\/p>\n\n\n\n<p class=\"tekst\"><strong>PO WOJNIE<\/strong><br>\nMimo wszystkich trudno\u015bci i \u017cadnej pocz\u0105tko\u00adwo pomocy ze strony w\u0142adz gminnych w Helenowie, 15 kwietnia 1945 r. powo\u0142ano nowy zarz\u0105d OSP, z prezesem dh Szymonem Szugajewem i naczelnikiem<br>\ndh Marianem Piotrowiczem, kt\u00f3ry w latach 1945-1946 zwi\u0119kszy\u0142 stan liczebny cz\u0142onk\u00f3w, zgromadzi\u0142 \u015brodki finansowe na dalsz\u0105 dzia\u0142alno\u015b\u0107, przywr\u00f3ci\u0142 do stanu u\u017cywalno\u015bci sprz\u0119t przeciwpo\u017carowy i wyremontowa\u0142 samo\u00adch\u00f3d. Trzeba go by\u0142o jednak niebawem zwr\u00f3ci\u0107, ale w 1948 r. w wyniku licznych stara\u0144 kupiono sta\u00adry 1,5 tonowy samoch\u00f3d \u201ePh\u00f6nomen\u201d, kt\u00f3ry napra\u00adwiono i przystosowano do cel\u00f3w po\u017carniczych. Do jego zakupu przyczynili si\u0119 mieszka\u0144cy Nowej Wsi, trzykrotnie wspieraj\u0105c kwest\u0119.<br>\nPodczas po\u017caru magazyn\u00f3w EKD w Komorowie w maju 1950 r. uleg\u0142a ostatniej awarii \u201eMary\u015bka\u201d, czyli motopompa \u201eLis&#8221;, kt\u00f3r\u0105 dopiero po roku zast\u0105\u00adpiono now\u0105 motopomp\u0105 M-800 \u201eLeopolia&#8221;.<br>\nLata 1950 &#8211; 1952 to okres zasadniczych zmian organizacyjnych (nie zawsze korzystnych) wywo\u0142a\u00adnych ustaw\u0105 o ochronie przeciwpo\u017carowej i zmie\u00adniaj\u0105cej struktur\u0119 stra\u017cy w ca\u0142ym kraju. Wprowa\u00addzono w\u00f3wczas nowe umundurowanie na wz\u00f3r ra\u00addziecki, w kt\u00f3re OSP Nowa Wie\u015b zosta\u0142a wyposa\u00ad\u017cona jako jedna z pierwszych w powiecie.<br>\nW 1953 r. obchodzono jubileusz 25-lecia istnie\u00adnia stra\u017cy, istnienia, kt\u00f3re zawdzi\u0119czano tradycjom po\u017carniczym tego terenu, a g\u0142\u00f3wnie zapa\u0142owi i po\u00ad\u015bwi\u0119ceniu nielicznego grona przedwojennych po\u017carnik\u00f3w i spo\u0142ecznik\u00f3w. Lata 1955 &#8211; 1959 to zn\u00f3w trudny okres w dziejach stra\u017cy. Rozpocz\u0119to budo\u00adw\u0119 nowej remizy i w\u0142a\u015bciwie ca\u0142\u0105 energi\u0119 skierowa\u00adno na zdobywanie materia\u0142\u00f3w i \u015brodk\u00f3w finanso\u00adwych. Prace post\u0119powa\u0142y powoli mimo wielkiego zaanga\u017cowania nielicznych dzia\u0142aczy, cz\u0119sto zmieniano zarz\u0105d, z jednostki odchodzili stra\u017cacy znie\u00adch\u0119ceni ci\u0105g\u0142ymi czynami spo\u0142ecznymi i z\u0142ym sta\u00adnem sprz\u0119tu, g\u0142\u00f3wnie niefortunn\u0105 zamian\u0105 wys\u0142u\u00ad\u017conego \u201ePh\u00f6nomena&#8221; na r\u00f3wnie starego \u201eTornyk-rofta&#8221;, kt\u00f3ry po kilkudziesi\u0119ciu kilometrach odm\u00f3wi\u0142 pos\u0142usze\u0144stwa.<br>\nDo\u015b\u0107 powiedzie\u0107, \u017ce kiedy po czterech latach bu\u00addowy nast\u0105pi\u0142o 15 stycznia 1959 r. uroczyste otwarcie nowej remizy, stan osobowy nowowiejskiej stra\u017cy li\u00adczy\u0142 razem z zarz\u0105dem 10 os\u00f3b. Mimo to wieloletni wysi\u0142ek niestrudzonych zapale\u0144c\u00f3w przyni\u00f3s\u0142 efekt i z chwil\u0105 oddania do u\u017cytku nowej remizy, dzia\u0142al\u00adno\u015b\u0107 stra\u017cy wkroczy\u0142a na nowe tory. Zakupiono na przetargu samoch\u00f3d \u201eDodge&#8221;, kt\u00f3ry jak zawsze w\u0142as\u00adnymi si\u0142ami adaptowano do cel\u00f3w bojowych.<br>\nPrzy wsp\u00f3\u0142udziale Mazowieckiej Sp\u00f3\u0142dzielni Pracy \u201eKino-Film&#8221; urz\u0105dzono w sali widowiskowej remizy kino \u201eBa\u015bka&#8221; (funkcjonowa\u0142o 2 lata) oraz zorganizo\u00adwano Bibliotek\u0119 Publiczn\u0105, kt\u00f3ra dysponowa\u0142a telewizorem skupiaj\u0105cym codziennie liczne grono wi\u00addz\u00f3w, przekraczaj\u0105ce przy \u201eKobrach&#8221; lub \u201eZorro&#8221; 100 os\u00f3b.<br>\nO\u017cywieniu dzia\u0142alno\u015bci stra\u017cy sprzyja\u0142y zmiany polityczne, utworzenie Zwi\u0105zku Ochotniczych Stra\u00ad\u017cy Po\u017carnych i przywr\u00f3cenie po\u017carnictwu daw\u00adnych, wypr\u00f3bowanych form organizacyjnych. Ale o wszystkim decydowali ludzie, ich zapa\u0142 i energia. W\u0142a\u015bnie za spraw\u0105 dh Edwarda St\u0119pnia (naczelni\u00adka OSP od 1961 do 1994 r.) w szeregi stra\u017cy wst\u0119\u00adpuje w 1961 r. dwunastu nowych cz\u0142onk\u00f3w i powra\u00adcaj\u0105 do\u015bwiadczeni druhowie.<br>\nZintensyfikowano szkolenia, kupiono nowe mundury wyj\u015bciowe, obj\u0119to patronatem m\u0142odzie\u017co\u00adwy zesp\u00f3\u0142 artystyczny, organizowano regularnie zabawy taneczne i przedstawienia, z kt\u00f3rych docho\u00addy zasila\u0142y kas\u0119 stra\u017cack\u0105. Wszystkie wysi\u0142ki zmie\u00adrza\u0142y do zakupu nowego wozu bojowego i w 1963 r. jako pierwsza w powiecie pruszkowskim OSP w No\u00adwej Wsi sta\u0142a si\u0119 posiadaczk\u0105 nowego, typowego samochodu stra\u017cackiego Star-25 SBM 2000\/8. Dzi\u0119\u00adki temu nabytkowi nowowiejska stra\u017c rozwin\u0119\u0142a szerok\u0105 dzia\u0142alno\u015b\u0107 operacyjn\u0105 i poza stra\u017c\u0105 zawo\u00addow\u0105 z Pruszkowa, legitymuje si\u0119 najwi\u0119ksz\u0105 licz\u00adb\u0105 wyjazd\u00f3w do akcji ga\u015bniczych w powiecie.<\/p>\n\n\n\n<p class=\"tekst\">&nbsp;<\/p>\n\n\n\n<p class=\"tekst\"><strong>OSTATNIE LATA<\/strong><br>\nW drugie 50-lecie OSP w Nowej Wsi wkracza ja\u00adko jednostka S-2, co oznacza, \u017ce dysponuje dwo\u00adma samochodami: Starem 25 i \u017bukiem LGM, trze\u00adma motopompami, przyczep\u0105 w\u0119\u017cow\u0105 i innym sprz\u0119tem oraz z zapleczem technicznym. Stan osobowy waha si\u0119 w granicach 30 &#8211; 50 os\u00f3b coraz lepiej wyszkolonych, czego dowodem s\u0105 liczne dyplomy i punktowane miejsca w zawodach po\u00ad\u017carniczych r\u00f3\u017cnych szczebli: III w 1984 r., II w 1985 r., a nawet l w 1992 r. i to dla dru\u017cyny \u017ce\u0144\u00adskiej, kt\u00f3ra istnia\u0142a i dzia\u0142a\u0142a przez blisko dwa lata.<br>\nWprawdzie w pocz\u0105tkach lat 80. liczba druh\u00f3w zmala\u0142a, co wi\u0105za\u0142o si\u0119 z og\u00f3lnokrajowym zjawis\u00adkiem odp\u0142ywu m\u0142odzie\u017cy ze wsi i ma\u0142ych miaste\u00adczek, ale obecnie odnotowuje si\u0119 rosn\u0105ce zaintere\u00adsowanie spo\u0142eczn\u0105 s\u0142u\u017cb\u0105. Np. w ci\u0105gu 4 miesi\u0119cy 1996 r. do OSP w Nowej Wsi przyst\u0105pi\u0142o 15 nowych cz\u0142onk\u00f3w.<br>\nOstatni okres sprzyja\u0142 dalszemu unowocze\u015b\u00adnianiu jednostki: w 1980 r. wzbogacono si\u0119 o sa\u00admoch\u00f3d ga\u015bniczy Jelcz GCBA, w 1985 r. o Stara 244 GBM, co w po\u0142\u0105czeniu z wysokim poziomem wyszkolenia i sprawno\u015bci\u0105 organizacyjn\u0105 sprawi\u00ad\u0142o, \u017ce w kwietniu 1995 r. Komendant G\u0142\u00f3wny Pa\u0144\u00adstwowej Stra\u017cy Po\u017carnej, w\u0142\u0105czy\u0142 jednostk\u0119 no\u00adwowiejsk\u0105 do krajowego systemu ratowniczo-ga\u015bniczego.<\/p>\n\n\n\n<p><em>(Opracowanie: Marek Rupi\u0144ski na podstawie Kroniki OSP Nowa Wie\u015b autorstwa dh Jerzego Matrzaka)<\/em><\/p>\n","protected":false},"excerpt":{"rendered":"<p>OCHOTNICZA STRA\u017b PO\u017bARNA w NOWEJ WSI RYCERZE \u015aW. FLORIANA Tak nazywano ich przed 160 laty, kiedy Rada Administracyjna Kr\u00f3lestwa Polskiego powo\u0142a\u0142a w Warszawie 79 osobow\u0105 sta\u0142\u0105 Stra\u017c Ogniow\u0105. Tak nazywano cz\u0142onk\u00f3w powstaj\u0105cych p\u00f3\u017aniej Ochotniczych Ogniowych Stra\u017cy. Nie dotrwa\u0142o to miano do ery komputer\u00f3w, ale nie zmieni\u0142a si\u0119 od\u00adwaga, po\u015bwi\u0119cenie i bezinteresowno\u015b\u0107 druh\u00f3w z Ochotniczych Stra\u017cy [&hellip;]<\/p>\n","protected":false},"author":1,"featured_media":0,"parent":0,"menu_order":0,"comment_status":"closed","ping_status":"closed","template":"","meta":{"footnotes":""},"class_list":["post-5","page","type-page","status-publish","hentry"],"_links":{"self":[{"href":"https:\/\/www.ospnw.pl\/index.php?rest_route=\/wp\/v2\/pages\/5","targetHints":{"allow":["GET"]}}],"collection":[{"href":"https:\/\/www.ospnw.pl\/index.php?rest_route=\/wp\/v2\/pages"}],"about":[{"href":"https:\/\/www.ospnw.pl\/index.php?rest_route=\/wp\/v2\/types\/page"}],"author":[{"embeddable":true,"href":"https:\/\/www.ospnw.pl\/index.php?rest_route=\/wp\/v2\/users\/1"}],"replies":[{"embeddable":true,"href":"https:\/\/www.ospnw.pl\/index.php?rest_route=%2Fwp%2Fv2%2Fcomments&post=5"}],"version-history":[{"count":5,"href":"https:\/\/www.ospnw.pl\/index.php?rest_route=\/wp\/v2\/pages\/5\/revisions"}],"predecessor-version":[{"id":1114,"href":"https:\/\/www.ospnw.pl\/index.php?rest_route=\/wp\/v2\/pages\/5\/revisions\/1114"}],"wp:attachment":[{"href":"https:\/\/www.ospnw.pl\/index.php?rest_route=%2Fwp%2Fv2%2Fmedia&parent=5"}],"curies":[{"name":"wp","href":"https:\/\/api.w.org\/{rel}","templated":true}]}}